{"id":4,"date":"2016-07-25T23:29:56","date_gmt":"2016-07-25T23:29:56","guid":{"rendered":"http:\/\/themenectar.com\/demo\/salient-service\/?page_id=2"},"modified":"2025-12-12T11:13:56","modified_gmt":"2025-12-12T10:13:56","slug":"accueil","status":"publish","type":"page","link":"https:\/\/marypierce.com\/fr\/","title":{"rendered":"Accueil"},"content":{"rendered":"[vc_row type=\u00a0\u00bbfull_width_content\u00a0\u00bb full_screen_row_position=\u00a0\u00bbmiddle\u00a0\u00bb bg_image=\u00a0\u00bb295&Prime; bg_position=\u00a0\u00bbcenter top\u00a0\u00bb bg_repeat=\u00a0\u00bbno-repeat\u00a0\u00bb parallax_bg=\u00a0\u00bbtrue\u00a0\u00bb parallax_bg_speed=\u00a0\u00bbslow\u00a0\u00bb scene_position=\u00a0\u00bbcenter\u00a0\u00bb text_color=\u00a0\u00bbdark\u00a0\u00bb text_align=\u00a0\u00bbleft\u00a0\u00bb overlay_strength=\u00a0\u00bb0.3&Prime;][vc_column column_padding=\u00a0\u00bbno-extra-padding\u00a0\u00bb column_padding_position=\u00a0\u00bball\u00a0\u00bb background_color_opacity=\u00a0\u00bb1&Prime; background_hover_color_opacity=\u00a0\u00bb1&Prime; column_shadow=\u00a0\u00bbnone\u00a0\u00bb width=\u00a0\u00bb1\/1&Prime; tablet_text_alignment=\u00a0\u00bbdefault\u00a0\u00bb phone_text_alignment=\u00a0\u00bbdefault\u00a0\u00bb column_border_width=\u00a0\u00bbnone\u00a0\u00bb column_border_style=\u00a0\u00bbsolid\u00a0\u00bb]<div style=\"height: 850px\" data-midnight=\"nectar-slider\" class=\"parallax_slider_outer \"><div style=\"height: 850px\"  data-transition=\"slide\" data-overall_style=\"classic\" data-flexible-height=\"true\" data-animate-in-effect=\"none\" data-fullscreen=\"false\" data-button-sizing=\"regular\" data-button-styling=\"btn_with_count\" data-autorotate=\"5000\" data-parallax=\"true\" data-full-width=\"false\" class=\"nectar-slider-wrap \" id=\"ns-id-69f5fc4d1df6a\">\r\n\t\t\t<div style=\"height: 850px\" class=\"swiper-container\"  data-tho=\"auto\" data-tco=\"auto\" data-pho=\"auto\" data-pco=\"auto\" data-loop=\"true\" data-height=\"850\" data-min-height=\"400\" data-arrows=\"true\" data-bullets=\"true\" data-bullet_style=\"see_through\" data-desktop-swipe=\"false\" data-settings=\"\">\r\n\t\t\t\t    <div class=\"swiper-wrapper\"><div class=\"swiper-slide\" data-bg-alignment=\"center\" data-color-scheme=\"light\" data-x-pos=\"left\" data-y-pos=\"middle\"> \r\n\t\t\t\t\t\t\t\t<div class=\"image-bg\" style=\"background-image: url(https:\/\/marypierce.com\/wp-content\/uploads\/2020\/05\/67330582_2331653257080977_7923797911853334528_n.jpg);\"> &nbsp; <\/div><div class=\"video-texture \"> <span class=\"ie-fix\"><\/span> <\/div><\/div><!--\/swiper-slide--><div class=\"swiper-slide\" data-bg-alignment=\"center\" data-color-scheme=\"light\" data-x-pos=\"left\" data-y-pos=\"middle\"> \r\n\t\t\t\t\t\t\t\t<div class=\"image-bg\" style=\"background-image: url(https:\/\/marypierce.com\/wp-content\/uploads\/2019\/05\/GettyImages-642293698.jpg);\"> &nbsp; <\/div><div class=\"video-texture \"> <span class=\"ie-fix\"><\/span> <\/div><\/div><!--\/swiper-slide--><div class=\"swiper-slide\" data-bg-alignment=\"center\" data-color-scheme=\"light\" data-x-pos=\"left\" data-y-pos=\"middle\"> \r\n\t\t\t\t\t\t\t\t<div class=\"image-bg\" style=\"background-image: url(https:\/\/marypierce.com\/wp-content\/uploads\/2019\/05\/GettyImages-52842267-site-2.jpg);\"> &nbsp; <\/div><div class=\"video-texture \"> <span class=\"ie-fix\"><\/span> <\/div><\/div><!--\/swiper-slide--><div class=\"swiper-slide\" data-bg-alignment=\"center\" data-color-scheme=\"light\" data-x-pos=\"left\" data-y-pos=\"middle\"> \r\n\t\t\t\t\t\t\t\t<div class=\"image-bg\" style=\"background-image: url(https:\/\/marypierce.com\/wp-content\/uploads\/2020\/05\/mary.jpg);\"> &nbsp; <\/div><div class=\"video-texture \"> <span class=\"ie-fix\"><\/span> <\/div><\/div><!--\/swiper-slide--><div class=\"swiper-slide\" data-bg-alignment=\"center\" data-color-scheme=\"light\" data-x-pos=\"left\" data-y-pos=\"middle\"> \r\n\t\t\t\t\t\t\t\t<div class=\"image-bg\" style=\"background-image: url(https:\/\/marypierce.com\/wp-content\/uploads\/2017\/05\/Image_15-01.jpg);\"> &nbsp; <\/div><div class=\"video-texture \"> <span class=\"ie-fix\"><\/span> <\/div><\/div><!--\/swiper-slide--><\/div><a href=\"\" class=\"slider-prev\"><i class=\"icon-salient-left-arrow\"><\/i> <div class=\"slide-count\"> <span class=\"slide-current\">1<\/span> <i class=\"icon-salient-right-line\"><\/i> <span class=\"slide-total\"><\/span> <\/div> <\/a>\r\n\t\t\t\t     \t\t<a href=\"\" class=\"slider-next\"><i class=\"icon-salient-right-arrow\"><\/i> <div class=\"slide-count\"> <span class=\"slide-current\">1<\/span> <i class=\"icon-salient-right-line\"><\/i> <span class=\"slide-total\"><\/span> <\/div> <\/a><div class=\"slider-pagination\"><\/div><div class=\"nectar-slider-loading \"> <span class=\"loading-icon none\">   <\/span> <\/div> <\/div> \r\n\t\t\t\t\r\n\t\t\t<\/div><\/div>[\/vc_column][\/vc_row][vc_row type=\u00a0\u00bbfull_width_background\u00a0\u00bb full_screen_row_position=\u00a0\u00bbmiddle\u00a0\u00bb bg_color=\u00a0\u00bb#ffffff\u00a0\u00bb scene_position=\u00a0\u00bbcenter\u00a0\u00bb text_color=\u00a0\u00bbdark\u00a0\u00bb text_align=\u00a0\u00bbleft\u00a0\u00bb top_padding=\u00a0\u00bb4%\u00a0\u00bb bottom_padding=\u00a0\u00bb1%\u00a0\u00bb overlay_strength=\u00a0\u00bb0.3&Prime;][vc_column column_padding=\u00a0\u00bbno-extra-padding\u00a0\u00bb column_padding_position=\u00a0\u00bball\u00a0\u00bb background_color_opacity=\u00a0\u00bb1&Prime; background_hover_color_opacity=\u00a0\u00bb1&Prime; column_shadow=\u00a0\u00bbnone\u00a0\u00bb width=\u00a0\u00bb1\/2&Prime; tablet_text_alignment=\u00a0\u00bbdefault\u00a0\u00bb phone_text_alignment=\u00a0\u00bbdefault\u00a0\u00bb column_border_width=\u00a0\u00bbnone\u00a0\u00bb column_border_style=\u00a0\u00bbsolid\u00a0\u00bb][vc_column_text]N\u00e9e \u00e0 Montr\u00e9al, Mary Pierce a grandi aux \u00c9tats-Unis. Ses premiers pas sur un court de tennis \u00e0 l\u2019\u00e2ge de 10 ans sont tr\u00e8s prometteurs. \u00c0 l\u2019\u00e2ge de 13 ans, Mary s\u2019envole pour la France, et fait ses d\u00e9buts sur le circuit professionnel un an plus tard. En 1994, elle joue sa premi\u00e8re finale de Grand Chelem, \u00e0 seulement 19 ans. C\u2019est en 2000, que Mary remportera la plus belle des victoires sur le court central de Roland Garros. Elle est la derni\u00e8re joueuse fran\u00e7aise \u00e0 avoir d\u00e9croch\u00e9 le prestigieux titre international. Mary fait d\u00e9sormais partie du cercle tr\u00e8s ferm\u00e9 des joueuses de tennis comptabilisant plus de 500 victoires. Son incroyable carri\u00e8re l\u2019a propuls\u00e9e au plus haut du tennis mondial. Le 26 octobre 2006, Mary est victime d\u2019une terrible blessure au genou gauche \u00e0 Linz, en Autriche. C\u2019est son inalt\u00e9rable foi en J\u00e9sus qui lui permettra d\u2019aller de l\u2019avant et de surmonter cette \u00e9preuve. Jusqu\u2019\u00e0 ce jour,<\/p>\n<div class=\"page\" title=\"Page 4\">\n<div class=\"section\">\n<div class=\"layoutArea\">\n<div class=\"column\">\n<p>Mary n\u2019a jamais quitte\u0301 le monde du tennis, multipliant les expe\u0301riences diverses. Vice-capitaine de l\u2019E\u0301quipe de France de Fed Cup en 2017 aux cote\u0301s de Yannick Noah, organisatrice des MP Series &#8211; Tournois ITF de Maurice et Madagascar, Mary a e\u0301galement jouer le role de consultante me\u0301dia pour les plus grandes chaines nationales et internationales (Eurosport, France TV, BBC UK&#8230;.). A ce jour, Mary siege au sein de Board de l\u2019ITF. En juillet 2019, Mary sera intronise\u0301e dans le panthe\u0301on du tennis, au Tennis Hall of Fame. En Mai 2020, Roland Garros ce\u0301le\u0301brera le 20e anniversaire de la victoire de Mary Pierce a\u0300 Roland Garros.<\/p>\n<\/div>\n<\/div>\n<\/div>\n<\/div>\n[\/vc_column_text][\/vc_column][vc_column column_padding=\u00a0\u00bbno-extra-padding\u00a0\u00bb column_padding_position=\u00a0\u00bball\u00a0\u00bb background_color_opacity=\u00a0\u00bb1&Prime; background_hover_color_opacity=\u00a0\u00bb1&Prime; column_shadow=\u00a0\u00bbnone\u00a0\u00bb width=\u00a0\u00bb1\/2&Prime; tablet_text_alignment=\u00a0\u00bbdefault\u00a0\u00bb phone_text_alignment=\u00a0\u00bbdefault\u00a0\u00bb column_border_width=\u00a0\u00bbnone\u00a0\u00bb column_border_style=\u00a0\u00bbsolid\u00a0\u00bb]<div class=\"img-with-aniamtion-wrap \" data-max-width=\"100%\"><div class=\"inner\"><img loading=\"lazy\" decoding=\"async\" data-shadow=\"none\" data-shadow-direction=\"middle\" class=\"img-with-animation \" data-delay=\"0\" height=\"345\" width=\"450\" data-animation=\"fade-in\" src=\"https:\/\/marypierce.com\/wp-content\/uploads\/2016\/07\/81998090_p.jpeg\" srcset=\"https:\/\/marypierce.com\/wp-content\/uploads\/2016\/07\/81998090_p.jpeg 450w, https:\/\/marypierce.com\/wp-content\/uploads\/2016\/07\/81998090_p-300x230.jpeg 300w\" sizes=\"auto, 100vw\" alt=\"\" \/><\/div><\/div>[\/vc_column][\/vc_row][vc_row type=\u00a0\u00bbfull_width_background\u00a0\u00bb full_screen_row_position=\u00a0\u00bbmiddle\u00a0\u00bb bg_color=\u00a0\u00bb#ffffff\u00a0\u00bb scene_position=\u00a0\u00bbcenter\u00a0\u00bb text_color=\u00a0\u00bbdark\u00a0\u00bb text_align=\u00a0\u00bbleft\u00a0\u00bb top_padding=\u00a0\u00bb2%\u00a0\u00bb bottom_padding=\u00a0\u00bb2%\u00a0\u00bb id=\u00a0\u00bb#socialmedia\u00a0\u00bb overlay_strength=\u00a0\u00bb0.3&Prime;][vc_column column_padding=\u00a0\u00bbno-extra-padding\u00a0\u00bb column_padding_position=\u00a0\u00bball\u00a0\u00bb background_color_opacity=\u00a0\u00bb1&Prime; background_hover_color_opacity=\u00a0\u00bb1&Prime; column_shadow=\u00a0\u00bbnone\u00a0\u00bb width=\u00a0\u00bb1\/3&Prime; tablet_text_alignment=\u00a0\u00bbdefault\u00a0\u00bb phone_text_alignment=\u00a0\u00bbdefault\u00a0\u00bb column_border_width=\u00a0\u00bbnone\u00a0\u00bb column_border_style=\u00a0\u00bbsolid\u00a0\u00bb offset=\u00a0\u00bbvc_hidden-sm vc_hidden-xs\u00a0\u00bb][vc_column_text]\n<p style=\"text-align: right;\"><a href=\"https:\/\/www.facebook.com\/MaryPierceOfficial\" target=\"_blank\" rel=\"noopener noreferrer\"><i class=\"icon-3x fa fa-facebook-square accent-color\"><i class=\"circle-border\"><\/i><\/i><\/a><\/p>\n[\/vc_column_text][\/vc_column][vc_column centered_text=\u00a0\u00bbtrue\u00a0\u00bb column_padding=\u00a0\u00bbno-extra-padding\u00a0\u00bb column_padding_position=\u00a0\u00bball\u00a0\u00bb background_color_opacity=\u00a0\u00bb1&Prime; background_hover_color_opacity=\u00a0\u00bb1&Prime; column_shadow=\u00a0\u00bbnone\u00a0\u00bb width=\u00a0\u00bb1\/3&Prime; tablet_text_alignment=\u00a0\u00bbdefault\u00a0\u00bb phone_text_alignment=\u00a0\u00bbdefault\u00a0\u00bb column_border_width=\u00a0\u00bbnone\u00a0\u00bb column_border_style=\u00a0\u00bbsolid\u00a0\u00bb offset=\u00a0\u00bbvc_hidden-sm vc_hidden-xs\u00a0\u00bb][vc_column_text]<a href=\"https:\/\/www.instagram.com\/marypierce_75\/\" target=\"_blank\" rel=\"noopener noreferrer\"><i class=\"icon-3x fa fa-instagram accent-color\"><i class=\"circle-border\"><\/i><\/i><\/a>[\/vc_column_text][\/vc_column][vc_column column_padding=\u00a0\u00bbno-extra-padding\u00a0\u00bb column_padding_position=\u00a0\u00bball\u00a0\u00bb background_color_opacity=\u00a0\u00bb1&Prime; background_hover_color_opacity=\u00a0\u00bb1&Prime; column_shadow=\u00a0\u00bbnone\u00a0\u00bb width=\u00a0\u00bb1\/3&Prime; tablet_text_alignment=\u00a0\u00bbdefault\u00a0\u00bb phone_text_alignment=\u00a0\u00bbdefault\u00a0\u00bb column_border_width=\u00a0\u00bbnone\u00a0\u00bb column_border_style=\u00a0\u00bbsolid\u00a0\u00bb offset=\u00a0\u00bbvc_hidden-sm vc_hidden-xs\u00a0\u00bb][vc_column_text]<a href=\"https:\/\/twitter.com\/_marypierce?lang=fr\" target=\"_blank\" rel=\"noopener noreferrer\"><i class=\"icon-3x fa fa-twitter-square accent-color\"><i class=\"circle-border\"><\/i><\/i><\/a>[\/vc_column_text][\/vc_column][\/vc_row][vc_row type=\u00a0\u00bbfull_width_background\u00a0\u00bb full_screen_row_position=\u00a0\u00bbmiddle\u00a0\u00bb bg_color=\u00a0\u00bb#ffffff\u00a0\u00bb scene_position=\u00a0\u00bbcenter\u00a0\u00bb text_color=\u00a0\u00bbdark\u00a0\u00bb text_align=\u00a0\u00bbleft\u00a0\u00bb top_padding=\u00a0\u00bb0&Prime; bottom_padding=\u00a0\u00bb0&Prime; overlay_strength=\u00a0\u00bb0.3&Prime;][vc_column column_padding=\u00a0\u00bbpadding-2-percent\u00a0\u00bb column_padding_position=\u00a0\u00bball\u00a0\u00bb background_color_opacity=\u00a0\u00bb1&Prime; background_hover_color_opacity=\u00a0\u00bb1&Prime; column_shadow=\u00a0\u00bbnone\u00a0\u00bb width=\u00a0\u00bb1\/2&Prime; tablet_text_alignment=\u00a0\u00bbdefault\u00a0\u00bb phone_text_alignment=\u00a0\u00bbdefault\u00a0\u00bb column_border_width=\u00a0\u00bbnone\u00a0\u00bb column_border_style=\u00a0\u00bbsolid\u00a0\u00bb][nectar_gradient_text heading_tag=\u00a0\u00bbh1&Prime; color=\u00a0\u00bbextra-color-gradient-1&Prime; gradient_direction=\u00a0\u00bbhorizontal\u00a0\u00bb text=\u00a0\u00bbMary la joueuse\u00a0\u00bb]<div class=\"nectar-fancy-ul\" data-list-icon=\"icon-circle\" data-animation=\"true\" data-animation-delay=\"0\" data-color=\"accent-color\" data-alignment=\"left\"> \n<ul>\n<li>\n<div class=\"\">Plus de 500 victoires en\u00a0simple<\/div>\n<\/li>\n<li>\n<div class=\"\">18 titres\u00a0<a class=\"\" href=\"http:\/\/www.wtatennis.com\/players\/player\/160142\/title\/mary-pierce\" target=\"_blank\" rel=\"noopener noreferrer\">WTA<\/a>\u00a0en\u00a0simple<\/div>\n<\/li>\n<li>\n<div class=\"\">10 titres WTA en double<\/div>\n<\/li>\n<li>\n<div class=\"\">6 finales de Grand Chelem<\/div>\n<\/li>\n<li>\n<div class=\"\">Victoire \u00e0\u00a0<a class=\"\" href=\"https:\/\/www.youtube.com\/watch?v=8_9OWqf8F7E\" target=\"_blank\" rel=\"noopener noreferrer\">l\u2019Open d\u2019Australie<\/a>\u00a0en 1995<\/div>\n<\/li>\n<li>\n<div class=\"\">Victoire \u00e0\u00a0<a class=\"\" href=\"https:\/\/www.youtube.com\/watch?v=7cWOhaB_8Fg\" target=\"_blank\" rel=\"noopener noreferrer\">Roland Garros<\/a>\u00a0en 2000<\/div>\n<\/li>\n<li>\n<div class=\"\">Victoires en \u00e9quipe de France de Fed Cup 1997 et 2003<\/div>\n<\/li>\n<li>\n<div class=\"\">3 participations aux Jeux Olympiques<\/div>\n<div class=\"\"><\/div>\n<\/li>\n<\/ul>\n <\/div>[\/vc_column][vc_column column_padding=\u00a0\u00bbpadding-2-percent\u00a0\u00bb column_padding_position=\u00a0\u00bball\u00a0\u00bb background_color_opacity=\u00a0\u00bb1&Prime; background_hover_color_opacity=\u00a0\u00bb1&Prime; column_shadow=\u00a0\u00bbnone\u00a0\u00bb width=\u00a0\u00bb1\/2&Prime; tablet_text_alignment=\u00a0\u00bbdefault\u00a0\u00bb phone_text_alignment=\u00a0\u00bbdefault\u00a0\u00bb column_border_width=\u00a0\u00bbnone\u00a0\u00bb column_border_style=\u00a0\u00bbsolid\u00a0\u00bb][nectar_gradient_text heading_tag=\u00a0\u00bbh1&Prime; color=\u00a0\u00bbextra-color-gradient-1&Prime; gradient_direction=\u00a0\u00bbhorizontal\u00a0\u00bb text=\u00a0\u00bbMary la consultante\u00a0\u00bb]<div class=\"nectar-fancy-ul\" data-list-icon=\"icon-circle\" data-animation=\"true\" data-animation-delay=\"0\" data-color=\"accent-color\" data-alignment=\"left\"> \n<ul>\n<li>Capitaine adjointe de l\u2019\u00e9quipe de France de\u00a0<a class=\"\" href=\"http:\/\/www.fedcup.com\/\" target=\"_blank\" rel=\"noopener noreferrer\">Fed Cup<\/a>\u00a0pour la saison 2017, aux c\u00f4t\u00e9s de Yannick Noah<\/li>\n<li>Membre du Conseil d\u2019administration de\u00a0<a class=\"\" href=\"http:\/\/www.itftennis.com\/home.aspx\" target=\"_blank\" rel=\"noopener noreferrer\">l\u2019ITF<\/a><\/li>\n<li>Consultante pour\u00a0<a class=\"\" href=\"http:\/\/sport.francetvinfo.fr\/roland-garros\" target=\"_blank\" rel=\"noopener noreferrer\">France T\u00e9l\u00e9visions<\/a>\u00a0pendant le tournoi de\u00a0<a class=\"\" href=\"http:\/\/www.rolandgarros.com\/fr_FR\/\" target=\"_blank\" rel=\"noopener noreferrer\">Roland Garros<\/a><\/li>\n<li>Entraineur<\/li>\n<\/ul>\n <\/div>[\/vc_column][\/vc_row][vc_row type=\u00a0\u00bbfull_width_background\u00a0\u00bb full_screen_row_position=\u00a0\u00bbmiddle\u00a0\u00bb bg_color=\u00a0\u00bb#c89291&Prime; scene_position=\u00a0\u00bbcenter\u00a0\u00bb text_color=\u00a0\u00bbdark\u00a0\u00bb text_align=\u00a0\u00bbleft\u00a0\u00bb top_padding=\u00a0\u00bb30&Prime; bottom_padding=\u00a0\u00bb30&Prime; overlay_strength=\u00a0\u00bb0.3&Prime;][vc_column column_padding=\u00a0\u00bbno-extra-padding\u00a0\u00bb column_padding_position=\u00a0\u00bball\u00a0\u00bb background_color_opacity=\u00a0\u00bb1&Prime; background_hover_color_opacity=\u00a0\u00bb1&Prime; column_shadow=\u00a0\u00bbnone\u00a0\u00bb width=\u00a0\u00bb1\/1&Prime; tablet_text_alignment=\u00a0\u00bbdefault\u00a0\u00bb phone_text_alignment=\u00a0\u00bbdefault\u00a0\u00bb column_border_width=\u00a0\u00bbnone\u00a0\u00bb column_border_style=\u00a0\u00bbsolid\u00a0\u00bb]<div class=\"img-with-aniamtion-wrap center\" data-max-width=\"100%\"><div class=\"inner\"><img loading=\"lazy\" decoding=\"async\" data-shadow=\"none\" data-shadow-direction=\"middle\" class=\"img-with-animation footerimage\" data-delay=\"0\" height=\"93\" width=\"169\" data-animation=\"none\" src=\"https:\/\/marypierce.com\/wp-content\/uploads\/2016\/07\/mary_Pierce_logo_signature-blanc.png\"  alt=\"\" \/><\/div><\/div>[\/vc_column][\/vc_row]\n","protected":false},"excerpt":{"rendered":"<p>[vc_row type=\u00a0\u00bbfull_width_content\u00a0\u00bb full_screen_row_position=\u00a0\u00bbmiddle\u00a0\u00bb bg_image=\u00a0\u00bb295&Prime; bg_position=\u00a0\u00bbcenter top\u00a0\u00bb bg_repeat=\u00a0\u00bbno-repeat\u00a0\u00bb parallax_bg=\u00a0\u00bbtrue\u00a0\u00bb parallax_bg_speed=\u00a0\u00bbslow\u00a0\u00bb scene_position=\u00a0\u00bbcenter\u00a0\u00bb text_color=\u00a0\u00bbdark\u00a0\u00bb text_align=\u00a0\u00bbleft\u00a0\u00bb overlay_strength=\u00a0\u00bb0.3&Prime;][vc_column column_padding=\u00a0\u00bbno-extra-padding\u00a0\u00bb column_padding_position=\u00a0\u00bball\u00a0\u00bb background_color_opacity=\u00a0\u00bb1&Prime; background_hover_color_opacity=\u00a0\u00bb1&Prime; column_shadow=\u00a0\u00bbnone\u00a0\u00bb width=\u00a0\u00bb1\/1&Prime; tablet_text_alignment=\u00a0\u00bbdefault\u00a0\u00bb phone_text_alignment=\u00a0\u00bbdefault\u00a0\u00bb column_border_width=\u00a0\u00bbnone\u00a0\u00bb column_border_style=\u00a0\u00bbsolid\u00a0\u00bb][\/vc_column][\/vc_row][vc_row type=\u00a0\u00bbfull_width_background\u00a0\u00bb full_screen_row_position=\u00a0\u00bbmiddle\u00a0\u00bb bg_color=\u00a0\u00bb#ffffff\u00a0\u00bb scene_position=\u00a0\u00bbcenter\u00a0\u00bb text_color=\u00a0\u00bbdark\u00a0\u00bb text_align=\u00a0\u00bbleft\u00a0\u00bb top_padding=\u00a0\u00bb4%\u00a0\u00bb&#8230;<\/p>\n","protected":false},"author":7,"featured_media":0,"parent":0,"menu_order":0,"comment_status":"closed","ping_status":"open","template":"","meta":{"footnotes":""},"class_list":["post-4","page","type-page","status-publish","hentry"],"yoast_head":"<!-- This site is optimized with the Yoast SEO plugin v22.3 - https:\/\/yoast.com\/wordpress\/plugins\/seo\/ -->\n<title>Site officiel de Mary Pierce<\/title>\n<meta name=\"description\" content=\"Derni\u00e8re joueuse fran\u00e7aise \u00e0 avoir remport\u00e9 Roland Garros. Mary Pierce fait partie des rares joueuses de tennis comptabilisant plus de 500 victoires.\" \/>\n<meta name=\"robots\" content=\"index, follow, max-snippet:-1, max-image-preview:large, max-video-preview:-1\" \/>\n<link rel=\"canonical\" href=\"https:\/\/marypierce.com\/fr\/\" \/>\n<meta property=\"og:locale\" content=\"fr_FR\" \/>\n<meta property=\"og:type\" content=\"article\" \/>\n<meta property=\"og:title\" content=\"Site officiel de Mary Pierce\" \/>\n<meta property=\"og:description\" content=\"Derni\u00e8re joueuse fran\u00e7aise \u00e0 avoir remport\u00e9 Roland Garros. Mary fait partie des rares joueuses de tennis comptabilisant plus de 500 victoires.\" \/>\n<meta property=\"og:url\" content=\"https:\/\/marypierce.com\/fr\/\" \/>\n<meta property=\"og:site_name\" content=\"Mary Pierce\" \/>\n<meta property=\"article:modified_time\" content=\"2025-12-12T10:13:56+00:00\" \/>\n<meta property=\"og:image\" content=\"https:\/\/marypierce.com\/wp-content\/uploads\/2017\/05\/mary-2.jpg\" \/>\n\t<meta property=\"og:image:width\" content=\"1920\" \/>\n\t<meta property=\"og:image:height\" content=\"850\" \/>\n\t<meta property=\"og:image:type\" content=\"image\/jpeg\" \/>\n<meta name=\"twitter:card\" content=\"summary_large_image\" \/>\n<meta name=\"twitter:label1\" content=\"Dur\u00e9e de lecture estim\u00e9e\" \/>\n\t<meta name=\"twitter:data1\" content=\"3 minutes\" \/>\n<script type=\"application\/ld+json\" class=\"yoast-schema-graph\">{\"@context\":\"https:\/\/schema.org\",\"@graph\":[{\"@type\":\"WebPage\",\"@id\":\"https:\/\/marypierce.com\/fr\/\",\"url\":\"https:\/\/marypierce.com\/fr\/\",\"name\":\"Site officiel de Mary Pierce\",\"isPartOf\":{\"@id\":\"https:\/\/marypierce.com\/#website\"},\"datePublished\":\"2016-07-25T23:29:56+00:00\",\"dateModified\":\"2025-12-12T10:13:56+00:00\",\"description\":\"Derni\u00e8re joueuse fran\u00e7aise \u00e0 avoir remport\u00e9 Roland Garros. Mary Pierce fait partie des rares joueuses de tennis comptabilisant plus de 500 victoires.\",\"breadcrumb\":{\"@id\":\"https:\/\/marypierce.com\/fr\/#breadcrumb\"},\"inLanguage\":\"fr-FR\",\"potentialAction\":[{\"@type\":\"ReadAction\",\"target\":[\"https:\/\/marypierce.com\/fr\/\"]}]},{\"@type\":\"BreadcrumbList\",\"@id\":\"https:\/\/marypierce.com\/fr\/#breadcrumb\",\"itemListElement\":[{\"@type\":\"ListItem\",\"position\":1,\"name\":\"Accueil\",\"item\":\"https:\/\/marypierce.com\/fr\/\"},{\"@type\":\"ListItem\",\"position\":2,\"name\":\"Accueil\"}]},{\"@type\":\"WebSite\",\"@id\":\"https:\/\/marypierce.com\/#website\",\"url\":\"https:\/\/marypierce.com\/\",\"name\":\"Mary Pierce\",\"description\":\"Site officiel de Mary Pierce\",\"potentialAction\":[{\"@type\":\"SearchAction\",\"target\":{\"@type\":\"EntryPoint\",\"urlTemplate\":\"https:\/\/marypierce.com\/?s={search_term_string}\"},\"query-input\":\"required name=search_term_string\"}],\"inLanguage\":\"fr-FR\"}]}<\/script>\n<!-- \/ Yoast SEO plugin. -->","yoast_head_json":{"title":"Site officiel de Mary Pierce","description":"Derni\u00e8re joueuse fran\u00e7aise \u00e0 avoir remport\u00e9 Roland Garros. Mary Pierce fait partie des rares joueuses de tennis comptabilisant plus de 500 victoires.","robots":{"index":"index","follow":"follow","max-snippet":"max-snippet:-1","max-image-preview":"max-image-preview:large","max-video-preview":"max-video-preview:-1"},"canonical":"https:\/\/marypierce.com\/fr\/","og_locale":"fr_FR","og_type":"article","og_title":"Site officiel de Mary Pierce","og_description":"Derni\u00e8re joueuse fran\u00e7aise \u00e0 avoir remport\u00e9 Roland Garros. Mary fait partie des rares joueuses de tennis comptabilisant plus de 500 victoires.","og_url":"https:\/\/marypierce.com\/fr\/","og_site_name":"Mary Pierce","article_modified_time":"2025-12-12T10:13:56+00:00","og_image":[{"width":1920,"height":850,"url":"https:\/\/marypierce.com\/wp-content\/uploads\/2017\/05\/mary-2.jpg","type":"image\/jpeg"}],"twitter_card":"summary_large_image","twitter_misc":{"Dur\u00e9e de lecture estim\u00e9e":"3 minutes"},"schema":{"@context":"https:\/\/schema.org","@graph":[{"@type":"WebPage","@id":"https:\/\/marypierce.com\/fr\/","url":"https:\/\/marypierce.com\/fr\/","name":"Site officiel de Mary Pierce","isPartOf":{"@id":"https:\/\/marypierce.com\/#website"},"datePublished":"2016-07-25T23:29:56+00:00","dateModified":"2025-12-12T10:13:56+00:00","description":"Derni\u00e8re joueuse fran\u00e7aise \u00e0 avoir remport\u00e9 Roland Garros. Mary Pierce fait partie des rares joueuses de tennis comptabilisant plus de 500 victoires.","breadcrumb":{"@id":"https:\/\/marypierce.com\/fr\/#breadcrumb"},"inLanguage":"fr-FR","potentialAction":[{"@type":"ReadAction","target":["https:\/\/marypierce.com\/fr\/"]}]},{"@type":"BreadcrumbList","@id":"https:\/\/marypierce.com\/fr\/#breadcrumb","itemListElement":[{"@type":"ListItem","position":1,"name":"Accueil","item":"https:\/\/marypierce.com\/fr\/"},{"@type":"ListItem","position":2,"name":"Accueil"}]},{"@type":"WebSite","@id":"https:\/\/marypierce.com\/#website","url":"https:\/\/marypierce.com\/","name":"Mary Pierce","description":"Site officiel de Mary Pierce","potentialAction":[{"@type":"SearchAction","target":{"@type":"EntryPoint","urlTemplate":"https:\/\/marypierce.com\/?s={search_term_string}"},"query-input":"required name=search_term_string"}],"inLanguage":"fr-FR"}]}},"_links":{"self":[{"href":"https:\/\/marypierce.com\/fr\/wp-json\/wp\/v2\/pages\/4","targetHints":{"allow":["GET"]}}],"collection":[{"href":"https:\/\/marypierce.com\/fr\/wp-json\/wp\/v2\/pages"}],"about":[{"href":"https:\/\/marypierce.com\/fr\/wp-json\/wp\/v2\/types\/page"}],"author":[{"embeddable":true,"href":"https:\/\/marypierce.com\/fr\/wp-json\/wp\/v2\/users\/7"}],"replies":[{"embeddable":true,"href":"https:\/\/marypierce.com\/fr\/wp-json\/wp\/v2\/comments?post=4"}],"version-history":[{"count":1,"href":"https:\/\/marypierce.com\/fr\/wp-json\/wp\/v2\/pages\/4\/revisions"}],"predecessor-version":[{"id":459,"href":"https:\/\/marypierce.com\/fr\/wp-json\/wp\/v2\/pages\/4\/revisions\/459"}],"wp:attachment":[{"href":"https:\/\/marypierce.com\/fr\/wp-json\/wp\/v2\/media?parent=4"}],"curies":[{"name":"wp","href":"https:\/\/api.w.org\/{rel}","templated":true}]}}